{"id":24,"date":"2019-10-30T08:04:10","date_gmt":"2019-10-30T08:04:10","guid":{"rendered":"https:\/\/demo.casethemes.net\/consultio-corporate3\/?page_id=24"},"modified":"2025-10-22T10:51:08","modified_gmt":"2025-10-22T09:51:08","slug":"contact","status":"publish","type":"page","link":"https:\/\/lesamab.com\/en\/contact\/","title":{"rendered":"Contact"},"content":{"rendered":"<div data-elementor-type=\"wp-page\" data-elementor-id=\"24\" class=\"elementor elementor-24\" data-elementor-post-type=\"page\">\n\t\t\t\t\r\n        <section class=\"elementor-section elementor-top-section elementor-element elementor-element-93690c5 elementor-section-boxed elementor-section-height-default elementor-section-height-default ct-header-fixed-none ct-row-max-none\" data-id=\"93690c5\" data-element_type=\"section\">\n            \n                        <div class=\"elementor-container elementor-column-gap-no\">\n                    <div class=\"elementor-column elementor-col-100 elementor-top-column elementor-element elementor-element-de8ecd4\" data-id=\"de8ecd4\" data-element_type=\"column\">\n        <div class=\"elementor-widget-wrap elementor-element-populated\">\n                    \n        \t\t<div class=\"elementor-element elementor-element-8fb87f8 elementor-widget elementor-widget-slider_revolution\" data-id=\"8fb87f8\" data-element_type=\"widget\" data-widget_type=\"slider_revolution.default\">\n\t\t\t\t\t\n\t\t<div class=\"wp-block-themepunch-revslider\">\n\t\t\t\t<p class=\"rs-p-wp-fix\"><\/p>\n\t\t\t\t<sr7-module data-alias=\"slider-1\" data-id=\"1\" id=\"SR7_1_1\" class=\"rs-ov-hidden\" data-version=\"6.7.34\">\n\t\t\t\t\t<sr7-adjuster><\/sr7-adjuster>\n\t\t\t\t\t<sr7-content>\n\t\t\t\t\t\t<sr7-slide id=\"SR7_1_1-1\" data-key=\"1\">\n\t\t\t\t\t\t\t<sr7-txt id=\"SR7_1_1-1-5\" class=\"sr7-layer\"><div class=\"ct-slider-next\"><span>02<\/span><\/div><\/sr7-txt>\n\t\t\t\t\t\t\t<sr7-txt id=\"SR7_1_1-1-6\" class=\"sr7-layer\"><div class=\"ct-slider-prev\"><span>03<\/span><\/div><\/sr7-txt>\n\t\t\t\t\t\t<\/sr7-slide>\n\t\t\t\t\t\t<sr7-slide id=\"SR7_1_1-4\" data-key=\"4\">\n\t\t\t\t\t\t<\/sr7-slide>\n\t\t\t\t\t<\/sr7-content>\n\t\t\t\t<\/sr7-module>\n\t\t\t\t<script>\n\t\t\t\t\tSR7.PMH ??={}; SR7.PMH[\"SR7_1_1\"] = {cn:100,state:false,fn: function() { if (_tpt!==undefined && _tpt.prepareModuleHeight !== undefined) {  _tpt.prepareModuleHeight({id:\"SR7_1_1\",el:[580,580,580,580,540],type:'standard',shdw:'0',gh:[580,580,580,580,540],gw:[1230,1230,1024,778,480],vpt:['-200px&#039;,&#039;-200px&#039;,&#039;-200px&#039;,&#039;-200px&#039;,&#039;-200px'],size:{fullWidth:true, fullHeight:false},mh:'0',onh:0,onw:0,bg:{color:'{\"orig\":\"transparent\",\"type\":\"solid\",\"string\":\"transparent\"}'},plType:'0',plColor:'#FFFFFF'});   SR7.PMH[\"SR7_1_1\"].state=true;} else if(SR7.PMH[\"SR7_1_1\"].cn-->0)\tsetTimeout( SR7.PMH[\"SR7_1_1\"].fn,19);}};SR7.PMH[\"SR7_1_1\" ].fn();\n\t\t\t\t<\/script>\n<\/div>\n\n\t\t\t\t\t\t<\/div>\n\t\t            <\/div>\n        <\/div>\n                    <\/div>\n        <\/section>\n                <section class=\"elementor-section elementor-top-section elementor-element elementor-element-99fbaeb elementor-section-boxed elementor-section-height-default elementor-section-height-default ct-header-fixed-none ct-row-max-none\" data-id=\"99fbaeb\" data-element_type=\"section\">\n            \n                        <div class=\"elementor-container elementor-column-gap-extended\">\n                    <div class=\"elementor-column elementor-col-33 elementor-top-column elementor-element elementor-element-e818542\" data-id=\"e818542\" data-element_type=\"column\">\n        <div class=\"elementor-widget-wrap elementor-element-populated\">\n                    \n        \t\t<div class=\"elementor-element elementor-element-c8a2f48 elementor-widget elementor-widget-ct_fancy_box\" data-id=\"c8a2f48\" data-element_type=\"widget\" data-widget_type=\"ct_fancy_box.default\">\n\t\t\t\t<div class=\"elementor-widget-container\">\n\t\t\t\t\t<div class=\"ct-fancy-box ct-fancy-box-layout1 style1\" data-wow-delay=\"ms\">\r\n            <div class=\"item--icon\">\r\n            <span class=\"item--shape\"><\/span>\r\n            <i aria-hidden=\"true\" class=\"fas fa-map-marker-alt\"><\/i>                            <a class=\"item--link\" href=\"#\"><\/a>\r\n                    <\/div>\r\n            <div class=\"item--holder\">\r\n                    <h3 class=\"item--title\">\r\n                Address             <\/h3>\r\n                <div class=\"item--description\">Yaound\u00e9-Cameroun , Hilton Hotel<\/div>\r\n    <\/div>\r\n<\/div>\t\t\t\t<\/div>\n\t\t\t\t<\/div>\n\t\t            <\/div>\n        <\/div>\n                <div class=\"elementor-column elementor-col-33 elementor-top-column elementor-element elementor-element-d5f3e79\" data-id=\"d5f3e79\" data-element_type=\"column\">\n        <div class=\"elementor-widget-wrap elementor-element-populated\">\n                    \n        \t\t<div class=\"elementor-element elementor-element-9e16110 elementor-widget elementor-widget-ct_fancy_box\" data-id=\"9e16110\" data-element_type=\"widget\" data-widget_type=\"ct_fancy_box.default\">\n\t\t\t\t<div class=\"elementor-widget-container\">\n\t\t\t\t\t<div class=\"ct-fancy-box ct-fancy-box-layout1 style1\" data-wow-delay=\"ms\">\r\n            <div class=\"item--icon\">\r\n            <span class=\"item--shape\"><\/span>\r\n            <i aria-hidden=\"true\" class=\"fas fa-phone-alt\"><\/i>                            <a class=\"item--link\" href=\"#\"><\/a>\r\n                    <\/div>\r\n            <div class=\"item--holder\">\r\n                    <h3 class=\"item--title\">\r\n                Contact            <\/h3>\r\n                <div class=\"item--description\">+49 176 73 26 50 47 \n<br\/>\n (+237) 696 26 06 50\n<\/div>\r\n    <\/div>\r\n<\/div>\t\t\t\t<\/div>\n\t\t\t\t<\/div>\n\t\t            <\/div>\n        <\/div>\n                <div class=\"elementor-column elementor-col-33 elementor-top-column elementor-element elementor-element-729a4d3\" data-id=\"729a4d3\" data-element_type=\"column\">\n        <div class=\"elementor-widget-wrap elementor-element-populated\">\n                    \n        \t\t<div class=\"elementor-element elementor-element-485cc85 elementor-widget elementor-widget-ct_fancy_box\" data-id=\"485cc85\" data-element_type=\"widget\" data-widget_type=\"ct_fancy_box.default\">\n\t\t\t\t<div class=\"elementor-widget-container\">\n\t\t\t\t\t<div class=\"ct-fancy-box ct-fancy-box-layout1 style1\" data-wow-delay=\"ms\">\r\n            <div class=\"item--icon\">\r\n            <span class=\"item--shape\"><\/span>\r\n            <i aria-hidden=\"true\" class=\"fas fa-envelope\"><\/i>                            <a class=\"item--link\" href=\"#\"><\/a>\r\n                    <\/div>\r\n            <div class=\"item--holder\">\r\n                    <h3 class=\"item--title\">\r\n                Email for information:            <\/h3>\r\n                <div class=\"item--description\">lesalondelabanque@yahoo.com<br\/>\n<\/div>\r\n    <\/div>\r\n<\/div>\t\t\t\t<\/div>\n\t\t\t\t<\/div>\n\t\t            <\/div>\n        <\/div>\n                    <\/div>\n        <\/section>\n                <section class=\"elementor-section elementor-top-section elementor-element elementor-element-d8bdc5a elementor-section-boxed elementor-section-height-default elementor-section-height-default ct-header-fixed-none ct-row-max-none\" data-id=\"d8bdc5a\" data-element_type=\"section\">\n            \n                        <div class=\"elementor-container elementor-column-gap-extended\">\n                    <div class=\"elementor-column elementor-col-50 elementor-top-column elementor-element elementor-element-13f51f0\" data-id=\"13f51f0\" data-element_type=\"column\">\n        <div class=\"elementor-widget-wrap elementor-element-populated\">\n                    \n        \t\t<div class=\"elementor-element elementor-element-189e12c elementor-widget elementor-widget-ct_video_player\" data-id=\"189e12c\" data-element_type=\"widget\" data-widget_type=\"ct_video_player.default\">\n\t\t\t\t<div class=\"elementor-widget-container\">\n\t\t\t\t\t<div class=\"ct-video-player video-player-style1  img-added\">\r\n        <img fetchpriority=\"high\" decoding=\"async\" width=\"532\" height=\"892\" src=\"https:\/\/lesamab.com\/wp-content\/uploads\/2025\/10\/Screenshot-2025-10-22-102247.png\" class=\"attachment-full\" alt=\"\" \/>            <a class=\"ct-video-button style1\" href=\"#\">\r\n                            <i class=\"fac fac-play\"><\/i>\r\n                        <span class=\"line-video-animation line-video-1\"><\/span>\r\n            <span class=\"line-video-animation line-video-2\"><\/span>\r\n            <span class=\"line-video-animation line-video-3\"><\/span>\r\n        <\/a>\r\n        <span><\/span>\r\n<\/div>\r\n\t\t\t\t<\/div>\n\t\t\t\t<\/div>\n\t\t            <\/div>\n        <\/div>\n                <div class=\"elementor-column elementor-col-50 elementor-top-column elementor-element elementor-element-4c2fc51\" data-id=\"4c2fc51\" data-element_type=\"column\">\n        <div class=\"elementor-widget-wrap elementor-element-populated\">\n                    \n        \t\t<div class=\"elementor-element elementor-element-d6bfcba elementor-widget elementor-widget-ct_heading\" data-id=\"d6bfcba\" data-element_type=\"widget\" data-widget_type=\"ct_heading.default\">\n\t\t\t\t<div class=\"elementor-widget-container\">\n\t\t\t\t\t<div id=\"ct_heading-d6bfcba\" class=\"ct-heading h-align- sub- ct-heading-left item-st-line-top1\">\r\n    <div class=\"ct-item--inner\">\r\n        <div class=\"ct-inline-css\" data-css=\"            \">\r\n        <\/div>\r\n                <h3 class=\"item--title st-line-top1 case-animate-time\" data-wow-delay=\"ms\">\r\n                            <div class=\"ct-heading-divider\"><span><\/span><\/div>\r\n                        <span class=\"sp-main\">\r\n                \r\n                Contact the organizing team\r\n                \r\n                            <\/span>\r\n                    <\/h3>\r\n    <\/div>\r\n<\/div>\t\t\t\t<\/div>\n\t\t\t\t<\/div>\n\t\t\t\t<div class=\"elementor-element elementor-element-0f30a93 elementor-widget elementor-widget-text-editor\" data-id=\"0f30a93\" data-element_type=\"widget\" data-widget_type=\"text-editor.default\">\n\t\t\t\t\t\t\t\t\t<p>Our team is available to answer all your questions: registrations, partnerships, sponsorships, or general information.<\/p>\t\t\t\t\t\t\t\t<\/div>\n\t\t\t\t<div class=\"elementor-element elementor-element-f409baa elementor-widget elementor-widget-ct_ctf7\" data-id=\"f409baa\" data-element_type=\"widget\" data-widget_type=\"ct_ctf7.default\">\n\t\t\t\t<div class=\"elementor-widget-container\">\n\t\t\t\t\t    <div class=\"ct-contact-form-layout1 style1\">\r\n                <div class=\"ct-contact-form-inner\">\r\n        \t            <div class=\"ct-contact-form\">\r\n                \n<div class=\"wpcf7 no-js\" id=\"wpcf7-f91-o1\" lang=\"en-US\" dir=\"ltr\" data-wpcf7-id=\"91\">\n<div class=\"screen-reader-response\"><p role=\"status\" aria-live=\"polite\" aria-atomic=\"true\"><\/p> <ul><\/ul><\/div>\n<form action=\"\/en\/wp-json\/wp\/v2\/pages\/24#wpcf7-f91-o1\" method=\"post\" class=\"wpcf7-form init cf7mls-no-scroll cf7mls-auto-return-first-step cf7mls-no-moving-animation\" aria-label=\"Contact form\" novalidate=\"novalidate\" data-status=\"init\" data-trp-original-action=\"\/en\/wp-json\/wp\/v2\/pages\/24#wpcf7-f91-o1\">\n<fieldset class=\"hidden-fields-container\"><input type=\"hidden\" name=\"_wpcf7\" value=\"91\" \/><input type=\"hidden\" name=\"_wpcf7_version\" value=\"6.1.1\" \/><input type=\"hidden\" name=\"_wpcf7_locale\" value=\"en_US\" \/><input type=\"hidden\" name=\"_wpcf7_unit_tag\" value=\"wpcf7-f91-o1\" \/><input type=\"hidden\" name=\"_wpcf7_container_post\" value=\"0\" \/><input type=\"hidden\" name=\"_wpcf7_posted_data_hash\" value=\"\" \/>\n<\/fieldset>\n<div class=\"input-filled\">\n\t<p><span class=\"wpcf7-form-control-wrap\" data-name=\"your-name\"><input size=\"40\" maxlength=\"400\" class=\"wpcf7-form-control wpcf7-text wpcf7-validates-as-required\" aria-required=\"true\" aria-invalid=\"false\" placeholder=\"Your name*\" value=\"\" type=\"text\" name=\"your-name\" \/><\/span>\n\t<\/p>\n<\/div>\n<div class=\"input-filled\">\n\t<p><span class=\"wpcf7-form-control-wrap\" data-name=\"your-email\"><input size=\"40\" maxlength=\"400\" class=\"wpcf7-form-control wpcf7-email wpcf7-validates-as-required wpcf7-text wpcf7-validates-as-email\" aria-required=\"true\" aria-invalid=\"false\" placeholder=\"Your email*\" value=\"\" type=\"email\" name=\"your-email\" \/><\/span>\n\t<\/p>\n<\/div>\n<div class=\"input-filled\">\n\t<p><span class=\"wpcf7-form-control-wrap\" data-name=\"your-phone\"><input size=\"40\" maxlength=\"400\" class=\"wpcf7-form-control wpcf7-text wpcf7-validates-as-required\" aria-required=\"true\" aria-invalid=\"false\" placeholder=\"Telephone*\" value=\"\" type=\"text\" name=\"your-phone\" \/><\/span>\n\t<\/p>\n<\/div>\n<div class=\"input-filled\">\n\t<p><span class=\"wpcf7-form-control-wrap\" data-name=\"your-subject\"><select class=\"wpcf7-form-control wpcf7-select wpcf7-validates-as-required\" aria-required=\"true\" aria-invalid=\"false\" name=\"your-subject\"><option value=\"Sujet\">Subject<\/option><option value=\"Je m\u2019inscris comme visiteur\">Je m\u2019inscris comme visiteur<\/option><option value=\"Je deviens partenaire\">Je deviens partenaire<\/option><option value=\"En savoir plus\">No more<\/option><option value=\"Demande de la brochure\">Demande de la brochure<\/option><\/select><\/span>\n\t<\/p>\n<\/div>\n<div class=\"input-filled\">\n\t<p><button type=\"submit\" class=\"wpcf7-submit btn btn-block\"><i class=\"fac fac-check-circle space-right\"><\/i>Send<\/button>\n\t<\/p>\n<\/div><div class=\"wpcf7-response-output\" aria-hidden=\"true\"><\/div>\n<input type=\"hidden\" name=\"trp-form-language\" value=\"en\"\/><\/form>\n<\/div>\n            <\/div>\r\n        <\/div>\r\n            <\/div>\r\n\t\t\t\t<\/div>\n\t\t\t\t<\/div>\n\t\t            <\/div>\n        <\/div>\n                    <\/div>\n        <\/section>\n        \t\t<\/div>","protected":false},"excerpt":{"rendered":"<p>Adresse Yaound\u00e9-Cameroun , Hilton Hotel Contact +49 176 73 26 50 47 (+237) 696 26 06 50 Courriel pour information : lesalondelabanque@yahoo.com Contactez l\u2019\u00e9quipe d\u2019organisation Notre \u00e9quipe est \u00e0 votre disposition pour r\u00e9pondre \u00e0 toutes vos questions : inscriptions, partenariats, sponsoring, ou informations g\u00e9n\u00e9rales. SujetJe m\u2019inscris comme visiteurJe deviens partenaireEn savoir plusDemande de la brochure [&hellip;]<\/p>","protected":false},"author":1,"featured_media":0,"parent":0,"menu_order":0,"comment_status":"closed","ping_status":"closed","template":"","meta":{"footnotes":""},"class_list":["post-24","page","type-page","status-publish","hentry"],"yoast_head":"<!-- This site is optimized with the Yoast SEO plugin v26.2 - https:\/\/yoast.com\/wordpress\/plugins\/seo\/ -->\n<title>Contact - Salon de la Banque<\/title>\n<meta name=\"robots\" content=\"index, follow, max-snippet:-1, max-image-preview:large, max-video-preview:-1\" \/>\n<link rel=\"canonical\" href=\"https:\/\/lesamab.com\/en\/contact\/\" \/>\n<meta property=\"og:locale\" content=\"en_GB\" \/>\n<meta property=\"og:type\" content=\"article\" \/>\n<meta property=\"og:title\" content=\"Contact - Salon de la Banque\" \/>\n<meta property=\"og:description\" content=\"Adresse Yaound\u00e9-Cameroun , Hilton Hotel Contact +49 176 73 26 50 47 (+237) 696 26 06 50 Courriel pour information : lesalondelabanque@yahoo.com Contactez l\u2019\u00e9quipe d\u2019organisation Notre \u00e9quipe est \u00e0 votre disposition pour r\u00e9pondre \u00e0 toutes vos questions : inscriptions, partenariats, sponsoring, ou informations g\u00e9n\u00e9rales. SujetJe m\u2019inscris comme visiteurJe deviens partenaireEn savoir plusDemande de la brochure [&hellip;]\" \/>\n<meta property=\"og:url\" content=\"https:\/\/lesamab.com\/en\/contact\/\" \/>\n<meta property=\"og:site_name\" content=\"Salon de la Banque\" \/>\n<meta property=\"article:modified_time\" content=\"2025-10-22T09:51:08+00:00\" \/>\n<meta property=\"og:image\" content=\"https:\/\/lesamab.com\/wp-content\/uploads\/2025\/10\/Screenshot-2025-10-22-102247.png\" \/>\n<meta name=\"twitter:card\" content=\"summary_large_image\" \/>\n<script type=\"application\/ld+json\" class=\"yoast-schema-graph\">{\"@context\":\"https:\/\/schema.org\",\"@graph\":[{\"@type\":\"WebPage\",\"@id\":\"https:\/\/lesamab.com\/contact\/\",\"url\":\"https:\/\/lesamab.com\/contact\/\",\"name\":\"Contact - Salon de la Banque\",\"isPartOf\":{\"@id\":\"https:\/\/lesamab.com\/#website\"},\"primaryImageOfPage\":{\"@id\":\"https:\/\/lesamab.com\/contact\/#primaryimage\"},\"image\":{\"@id\":\"https:\/\/lesamab.com\/contact\/#primaryimage\"},\"thumbnailUrl\":\"https:\/\/lesamab.com\/wp-content\/uploads\/2025\/10\/Screenshot-2025-10-22-102247.png\",\"datePublished\":\"2019-10-30T08:04:10+00:00\",\"dateModified\":\"2025-10-22T09:51:08+00:00\",\"breadcrumb\":{\"@id\":\"https:\/\/lesamab.com\/contact\/#breadcrumb\"},\"inLanguage\":\"en-GB\",\"potentialAction\":[{\"@type\":\"ReadAction\",\"target\":[\"https:\/\/lesamab.com\/contact\/\"]}]},{\"@type\":\"ImageObject\",\"inLanguage\":\"en-GB\",\"@id\":\"https:\/\/lesamab.com\/contact\/#primaryimage\",\"url\":\"https:\/\/lesamab.com\/wp-content\/uploads\/2025\/10\/Screenshot-2025-10-22-102247.png\",\"contentUrl\":\"https:\/\/lesamab.com\/wp-content\/uploads\/2025\/10\/Screenshot-2025-10-22-102247.png\"},{\"@type\":\"BreadcrumbList\",\"@id\":\"https:\/\/lesamab.com\/contact\/#breadcrumb\",\"itemListElement\":[{\"@type\":\"ListItem\",\"position\":1,\"name\":\"Accueil\",\"item\":\"https:\/\/lesamab.com\/\"},{\"@type\":\"ListItem\",\"position\":2,\"name\":\"Contact\"}]},{\"@type\":\"WebSite\",\"@id\":\"https:\/\/lesamab.com\/#website\",\"url\":\"https:\/\/lesamab.com\/\",\"name\":\"Salon de la Banque\",\"description\":\"Favoriser l\u2019innovation, et promouvoir l\u2019inclusion bancaire\",\"publisher\":{\"@id\":\"https:\/\/lesamab.com\/#organization\"},\"potentialAction\":[{\"@type\":\"SearchAction\",\"target\":{\"@type\":\"EntryPoint\",\"urlTemplate\":\"https:\/\/lesamab.com\/?s={search_term_string}\"},\"query-input\":{\"@type\":\"PropertyValueSpecification\",\"valueRequired\":true,\"valueName\":\"search_term_string\"}}],\"inLanguage\":\"en-GB\"},{\"@type\":\"Organization\",\"@id\":\"https:\/\/lesamab.com\/#organization\",\"name\":\"Salon de la Banque\",\"url\":\"https:\/\/lesamab.com\/\",\"logo\":{\"@type\":\"ImageObject\",\"inLanguage\":\"en-GB\",\"@id\":\"https:\/\/lesamab.com\/#\/schema\/logo\/image\/\",\"url\":\"https:\/\/lesamab.com\/wp-content\/uploads\/2025\/09\/salon-de-la-banque-blanc.png\",\"contentUrl\":\"https:\/\/lesamab.com\/wp-content\/uploads\/2025\/09\/salon-de-la-banque-blanc.png\",\"width\":323,\"height\":177,\"caption\":\"Salon de la Banque\"},\"image\":{\"@id\":\"https:\/\/lesamab.com\/#\/schema\/logo\/image\/\"}}]}<\/script>\n<!-- \/ Yoast SEO plugin. -->","yoast_head_json":{"title":"Contact - Salon de la Banque","robots":{"index":"index","follow":"follow","max-snippet":"max-snippet:-1","max-image-preview":"max-image-preview:large","max-video-preview":"max-video-preview:-1"},"canonical":"https:\/\/lesamab.com\/en\/contact\/","og_locale":"en_GB","og_type":"article","og_title":"Contact - Salon de la Banque","og_description":"Adresse Yaound\u00e9-Cameroun , Hilton Hotel Contact +49 176 73 26 50 47 (+237) 696 26 06 50 Courriel pour information : lesalondelabanque@yahoo.com Contactez l\u2019\u00e9quipe d\u2019organisation Notre \u00e9quipe est \u00e0 votre disposition pour r\u00e9pondre \u00e0 toutes vos questions : inscriptions, partenariats, sponsoring, ou informations g\u00e9n\u00e9rales. SujetJe m\u2019inscris comme visiteurJe deviens partenaireEn savoir plusDemande de la brochure [&hellip;]","og_url":"https:\/\/lesamab.com\/en\/contact\/","og_site_name":"Salon de la Banque","article_modified_time":"2025-10-22T09:51:08+00:00","og_image":[{"url":"https:\/\/lesamab.com\/wp-content\/uploads\/2025\/10\/Screenshot-2025-10-22-102247.png","type":"","width":"","height":""}],"twitter_card":"summary_large_image","schema":{"@context":"https:\/\/schema.org","@graph":[{"@type":"WebPage","@id":"https:\/\/lesamab.com\/contact\/","url":"https:\/\/lesamab.com\/contact\/","name":"Contact - Salon de la Banque","isPartOf":{"@id":"https:\/\/lesamab.com\/#website"},"primaryImageOfPage":{"@id":"https:\/\/lesamab.com\/contact\/#primaryimage"},"image":{"@id":"https:\/\/lesamab.com\/contact\/#primaryimage"},"thumbnailUrl":"https:\/\/lesamab.com\/wp-content\/uploads\/2025\/10\/Screenshot-2025-10-22-102247.png","datePublished":"2019-10-30T08:04:10+00:00","dateModified":"2025-10-22T09:51:08+00:00","breadcrumb":{"@id":"https:\/\/lesamab.com\/contact\/#breadcrumb"},"inLanguage":"en-GB","potentialAction":[{"@type":"ReadAction","target":["https:\/\/lesamab.com\/contact\/"]}]},{"@type":"ImageObject","inLanguage":"en-GB","@id":"https:\/\/lesamab.com\/contact\/#primaryimage","url":"https:\/\/lesamab.com\/wp-content\/uploads\/2025\/10\/Screenshot-2025-10-22-102247.png","contentUrl":"https:\/\/lesamab.com\/wp-content\/uploads\/2025\/10\/Screenshot-2025-10-22-102247.png"},{"@type":"BreadcrumbList","@id":"https:\/\/lesamab.com\/contact\/#breadcrumb","itemListElement":[{"@type":"ListItem","position":1,"name":"Accueil","item":"https:\/\/lesamab.com\/"},{"@type":"ListItem","position":2,"name":"Contact"}]},{"@type":"WebSite","@id":"https:\/\/lesamab.com\/#website","url":"https:\/\/lesamab.com\/","name":"Salon de la Banque","description":"Favoriser l\u2019innovation, et promouvoir l\u2019inclusion bancaire","publisher":{"@id":"https:\/\/lesamab.com\/#organization"},"potentialAction":[{"@type":"SearchAction","target":{"@type":"EntryPoint","urlTemplate":"https:\/\/lesamab.com\/?s={search_term_string}"},"query-input":{"@type":"PropertyValueSpecification","valueRequired":true,"valueName":"search_term_string"}}],"inLanguage":"en-GB"},{"@type":"Organization","@id":"https:\/\/lesamab.com\/#organization","name":"Salon de la Banque","url":"https:\/\/lesamab.com\/","logo":{"@type":"ImageObject","inLanguage":"en-GB","@id":"https:\/\/lesamab.com\/#\/schema\/logo\/image\/","url":"https:\/\/lesamab.com\/wp-content\/uploads\/2025\/09\/salon-de-la-banque-blanc.png","contentUrl":"https:\/\/lesamab.com\/wp-content\/uploads\/2025\/09\/salon-de-la-banque-blanc.png","width":323,"height":177,"caption":"Salon de la Banque"},"image":{"@id":"https:\/\/lesamab.com\/#\/schema\/logo\/image\/"}}]}},"_hostinger_reach_plugin_has_subscription_block":false,"_hostinger_reach_plugin_is_elementor":false,"_links":{"self":[{"href":"https:\/\/lesamab.com\/en\/wp-json\/wp\/v2\/pages\/24","targetHints":{"allow":["GET"]}}],"collection":[{"href":"https:\/\/lesamab.com\/en\/wp-json\/wp\/v2\/pages"}],"about":[{"href":"https:\/\/lesamab.com\/en\/wp-json\/wp\/v2\/types\/page"}],"author":[{"embeddable":true,"href":"https:\/\/lesamab.com\/en\/wp-json\/wp\/v2\/users\/1"}],"replies":[{"embeddable":true,"href":"https:\/\/lesamab.com\/en\/wp-json\/wp\/v2\/comments?post=24"}],"version-history":[{"count":31,"href":"https:\/\/lesamab.com\/en\/wp-json\/wp\/v2\/pages\/24\/revisions"}],"predecessor-version":[{"id":5532,"href":"https:\/\/lesamab.com\/en\/wp-json\/wp\/v2\/pages\/24\/revisions\/5532"}],"wp:attachment":[{"href":"https:\/\/lesamab.com\/en\/wp-json\/wp\/v2\/media?parent=24"}],"curies":[{"name":"wp","href":"https:\/\/api.w.org\/{rel}","templated":true}]}}